{"id":3199,"date":"2018-01-05T08:43:38","date_gmt":"2018-01-05T08:43:38","guid":{"rendered":"http:\/\/squadrone.bold-themes.com\/main-demo\/?page_id=3199"},"modified":"2024-04-11T13:46:45","modified_gmt":"2024-04-11T12:46:45","slug":"our-expertize","status":"publish","type":"page","link":"https:\/\/www.gecovisual.com\/index.php\/our-expertize\/","title":{"rendered":"Services"},"content":{"rendered":"<p><section data-bb-version=\"4.8.0\" id=\"bt_bb_section6a06f1ea25aee\" class=\"bt_bb_section bt_bb_color_scheme_1 bt_bb_layout_boxed_1200 bt_bb_vertical_align_top bt_bb_background_overlay_dark_solid bt_bb_top_spacing_extra_large bt_bb_bottom_spacing_large\" style=\"; --section-primary-color:#ffffff; --section-secondary-color:#262626;\" data-bt-override-class=\"{&quot;bt_bb_top_spacing_&quot;:{&quot;current_class&quot;:&quot;bt_bb_top_spacing_extra_large&quot;,&quot;def&quot;:&quot;extra_large&quot;},&quot;bt_bb_bottom_spacing_&quot;:{&quot;current_class&quot;:&quot;bt_bb_bottom_spacing_large&quot;,&quot;def&quot;:&quot;large&quot;}}\"><div class=\"bt_bb_background_image_holder_wrapper\"><div class=\"bt_bb_background_image_holder btLazyLoadBackground bt_bb_parallax\"  data-background_image_src=\"https:\/\/www.gecovisual.com\/wp-content\/uploads\/2024\/02\/Website_construction_site_1.jpg\" data-parallax=\"0.7\" data-parallax-offset=\"0\" data-parallax-zoom-start=\"1\" data-parallax-zoom-end=\"1\" data-parallax-blur-start=\"0\" data-parallax-blur-end=\"0\" data-parallax-opacity-start=\"1\" data-parallax-opacity-end=\"1\" style=\" background-image: url(&#039;https:\/\/www.gecovisual.com\/wp-content\/plugins\/bold-page-builder\/img\/blank.gif&#039;);\"><\/div><\/div><div class=\"bt_bb_port\"><div class=\"bt_bb_cell\"><div class=\"bt_bb_cell_inner\"><div class=\"bt_bb_row \"  data-bt-override-class=\"{}\"><div class=\"bt_bb_row_holder\" ><div  class=\"bt_bb_column col-xl-12 col-xs-12 col-sm-12 col-md-12 col-lg-12 bt_bb_align_left bt_bb_vertical_align_middle bt_bb_padding_normal bt_bb_triangle_no\"  data-width=\"12\" data-bt-override-class=\"{}\"><div class=\"bt_bb_column_content\"><div data-bb-version=\"4.8.0\" class=\"bt_bb_separator bt_bb_border_style_none bt_bb_top_spacing_small bt_bb_bottom_spacing_small\" data-bt-override-class=\"{&quot;bt_bb_top_spacing_&quot;:{&quot;current_class&quot;:&quot;bt_bb_top_spacing_small&quot;,&quot;def&quot;:&quot;small&quot;},&quot;bt_bb_bottom_spacing_&quot;:{&quot;current_class&quot;:&quot;bt_bb_bottom_spacing_small&quot;,&quot;def&quot;:&quot;small&quot;}}\"><\/div><header data-bb-version=\"4.8.0\" class=\"bt_bb_headline bt_bb_subheadline_text_transform_default bt_bb_dash_none bt_bb_size_extralarge bt_bb_align_inherit\" data-bt-override-class=\"{&quot;bt_bb_size_&quot;:{&quot;current_class&quot;:&quot;bt_bb_size_extralarge&quot;,&quot;def&quot;:&quot;extralarge&quot;},&quot;bt_bb_align_&quot;:{&quot;current_class&quot;:&quot;bt_bb_align_inherit&quot;,&quot;def&quot;:&quot;inherit&quot;}}\"><h1 class=\"bt_bb_headline_tag\"><span class=\"bt_bb_headline_content\"><span>Nos services<\/span><\/span><\/h1><\/header><div data-bb-version=\"4.8.0\" class=\"bt_bb_separator bt_bb_border_style_none bt_bb_top_spacing_small bt_bb_bottom_spacing_small\" data-bt-override-class=\"{&quot;bt_bb_top_spacing_&quot;:{&quot;current_class&quot;:&quot;bt_bb_top_spacing_small&quot;,&quot;def&quot;:&quot;small&quot;},&quot;bt_bb_bottom_spacing_&quot;:{&quot;current_class&quot;:&quot;bt_bb_bottom_spacing_small&quot;,&quot;def&quot;:&quot;small&quot;}}\"><\/div><div data-bb-version=\"4.8.8\" class=\"bt_bb_button bt_bb_color_scheme_14 bt_bb_icon_position_left bt_bb_style_outline bt_bb_size_large bt_bb_width_inline bt_bb_shape_square bt_bb_target_blank bt_bb_text_transform_inherit bt_bb_align_center bt_bb_animation_zoom_in animate\" style=\"; --primary-color:#fff; --secondary-color:#000;\" data-bt-override-class=\"{&quot;bt_bb_size_&quot;:{&quot;current_class&quot;:&quot;bt_bb_size_large&quot;,&quot;def&quot;:&quot;large&quot;},&quot;bt_bb_align_&quot;:{&quot;current_class&quot;:&quot;bt_bb_align_center&quot;,&quot;def&quot;:&quot;center&quot;}}\"><a href=\"https:\/\/www.gecovisual.com\/index.php\/contact\/\" target=\"_blank\" class=\"bt_bb_link\" title=\"Demandez votre devis gratuit\"><span class=\"bt_bb_button_text\" >Demandez votre devis gratuit<\/span><\/a><\/div><\/div><div class=\"bt_bb_column_triangle_box\" ><\/div><\/div><\/div><\/div><\/div><!-- cell_inner --><\/div><!-- cell --><\/div><!-- port --><\/section><section data-bb-version=\"4.8.0\" id=\"bt_bb_section6a06f1ea25fa8\" class=\"bt_bb_section bt_bb_color_scheme_11 bt_bb_layout_boxed_1200 bt_bb_vertical_align_top bt_bb_top_spacing_medium bt_bb_bottom_spacing_medium\" style=\"; --section-primary-color:#444; --section-secondary-color:#efefef;\" data-bt-override-class=\"{&quot;bt_bb_top_spacing_&quot;:{&quot;current_class&quot;:&quot;bt_bb_top_spacing_medium&quot;,&quot;def&quot;:&quot;medium&quot;},&quot;bt_bb_bottom_spacing_&quot;:{&quot;current_class&quot;:&quot;bt_bb_bottom_spacing_medium&quot;,&quot;def&quot;:&quot;medium&quot;}}\"><div class=\"bt_bb_port\"><div class=\"bt_bb_cell\"><div class=\"bt_bb_cell_inner\"><div data-bb-version=\"4.8.0\" class=\"bt_bb_row \"  data-bt-override-class=\"{}\"><div class=\"bt_bb_row_holder\" ><div data-bb-version=\"4.8.0\"  class=\"bt_bb_column col-xl-12 col-xs-12 col-sm-12 col-md-12 col-lg-12 bt_bb_align_left bt_bb_vertical_align_top bt_bb_padding_normal\"  data-width=\"12\" data-bt-override-class=\"{}\"><div class=\"bt_bb_column_content\"><header data-bb-version=\"4.8.0\" class=\"bt_bb_headline bt_bb_subheadline_text_transform_default bt_bb_dash_none bt_bb_size_inherit bt_bb_align_inherit\" data-bt-override-class=\"{&quot;bt_bb_size_&quot;:{&quot;current_class&quot;:&quot;bt_bb_size_inherit&quot;,&quot;def&quot;:&quot;inherit&quot;},&quot;bt_bb_align_&quot;:{&quot;current_class&quot;:&quot;bt_bb_align_inherit&quot;,&quot;def&quot;:&quot;inherit&quot;}}\"><h1 class=\"bt_bb_headline_tag\"><span class=\"bt_bb_headline_content\"><span>Notre approche<\/span><\/span><\/h1><\/header><div data-bb-version=\"4.8.0\" class=\"bt_bb_separator bt_bb_border_style_none bt_bb_top_spacing_normal bt_bb_bottom_spacing_normal\" data-bt-override-class=\"{&quot;bt_bb_top_spacing_&quot;:{&quot;current_class&quot;:&quot;bt_bb_top_spacing_normal&quot;,&quot;def&quot;:&quot;normal&quot;},&quot;bt_bb_bottom_spacing_&quot;:{&quot;current_class&quot;:&quot;bt_bb_bottom_spacing_normal&quot;,&quot;def&quot;:&quot;normal&quot;}}\"><\/div><\/div><\/div><\/div><\/div><div class=\"bt_bb_row \"  data-bt-override-class=\"{}\"><div class=\"bt_bb_row_holder\" ><div  class=\"bt_bb_column col-xl-3 col-xs-12 col-sm-6 col-md-6 col-lg-3 bt_bb_align_left bt_bb_vertical_align_top bt_bb_padding_double\"  data-width=\"3\" data-bt-override-class=\"{}\"><div class=\"bt_bb_column_content\"><div data-bb-version=\"4.8.0\" class=\"bt_bb_service bt_bb_color_scheme_5 bt_bb_style_borderless bt_bb_size_large bt_bb_shape_circle bt_bb_align_inherit\" data-bt-override-class=\"{&quot;bt_bb_size_&quot;:{&quot;current_class&quot;:&quot;bt_bb_size_large&quot;,&quot;def&quot;:&quot;large&quot;},&quot;bt_bb_align_&quot;:{&quot;current_class&quot;:&quot;bt_bb_align_inherit&quot;,&quot;def&quot;:&quot;inherit&quot;}}\"><div class=\"bt_bb_service_content\"><span  data-ico-development=\"&#xf15a;\" class=\"bt_bb_icon_holder\"><\/span><div class=\"bt_bb_service_content_title\">BESOINS<\/div><\/div><div class=\"bt_bb_service_content_text\">En collaboration avec le client, d\u00e9finition exacte des besoins et des livrables attendus<\/div><\/div><div class=\"bt_bb_separator bt_bb_border_style_none bt_bb_bottom_spacing_medium\" data-bt-override-class=\"null\"><\/div><\/div><\/div><div  class=\"bt_bb_column col-xl-3 col-xs-12 col-sm-6 col-md-6 col-lg-3 bt_bb_align_left bt_bb_vertical_align_top bt_bb_padding_double\"  data-width=\"3\" data-bt-override-class=\"{}\"><div class=\"bt_bb_column_content\"><div data-bb-version=\"4.8.0\" class=\"bt_bb_service bt_bb_color_scheme_5 bt_bb_style_borderless bt_bb_size_large bt_bb_shape_circle bt_bb_align_inherit\" data-bt-override-class=\"{&quot;bt_bb_size_&quot;:{&quot;current_class&quot;:&quot;bt_bb_size_large&quot;,&quot;def&quot;:&quot;large&quot;},&quot;bt_bb_align_&quot;:{&quot;current_class&quot;:&quot;bt_bb_align_inherit&quot;,&quot;def&quot;:&quot;inherit&quot;}}\"><div class=\"bt_bb_service_content\"><span  data-ico-essential=\"&#xe9bb;\" class=\"bt_bb_icon_holder\"><\/span><div class=\"bt_bb_service_content_title\">CARTE<\/div><\/div><div class=\"bt_bb_service_content_text\">Situer sur la carte le lieu de la mission et identifier les zones concern\u00e9es<\/div><\/div><div class=\"bt_bb_separator bt_bb_border_style_none bt_bb_bottom_spacing_medium\" data-bt-override-class=\"null\"><\/div><\/div><\/div><div  class=\"bt_bb_column col-xl-3 col-xs-12 col-sm-6 col-md-6 col-lg-3 bt_bb_align_left bt_bb_vertical_align_top bt_bb_padding_double\"  data-width=\"3\" data-bt-override-class=\"{}\"><div class=\"bt_bb_column_content\"><div data-bb-version=\"4.8.0\" class=\"bt_bb_service bt_bb_color_scheme_5 bt_bb_style_borderless bt_bb_size_large bt_bb_shape_circle bt_bb_align_inherit\" data-bt-override-class=\"{&quot;bt_bb_size_&quot;:{&quot;current_class&quot;:&quot;bt_bb_size_large&quot;,&quot;def&quot;:&quot;large&quot;},&quot;bt_bb_align_&quot;:{&quot;current_class&quot;:&quot;bt_bb_align_inherit&quot;,&quot;def&quot;:&quot;inherit&quot;}}\"><div class=\"bt_bb_service_content\"><span  data-ico-development=\"&#xf108;\" class=\"bt_bb_icon_holder\"><\/span><div class=\"bt_bb_service_content_title\">REGLES<\/div><\/div><div class=\"bt_bb_service_content_text\">V\u00e9rifications des r\u00e8gles applicables dans la zone concern\u00e9e sur les outils mis \u00e0 disposition par les autorit\u00e9s comp\u00e9tentes<\/div><\/div><div class=\"bt_bb_separator bt_bb_border_style_none bt_bb_bottom_spacing_medium\" data-bt-override-class=\"null\"><\/div><\/div><\/div><div  class=\"bt_bb_column col-xl-3 col-xs-12 col-sm-6 col-md-6 col-lg-3 bt_bb_align_left bt_bb_vertical_align_top bt_bb_padding_double\"  data-width=\"3\" data-bt-override-class=\"{}\"><div class=\"bt_bb_column_content\"><div data-bb-version=\"4.8.0\" class=\"bt_bb_service bt_bb_color_scheme_5 bt_bb_style_borderless bt_bb_size_large bt_bb_shape_circle bt_bb_align_inherit\" data-bt-override-class=\"{&quot;bt_bb_size_&quot;:{&quot;current_class&quot;:&quot;bt_bb_size_large&quot;,&quot;def&quot;:&quot;large&quot;},&quot;bt_bb_align_&quot;:{&quot;current_class&quot;:&quot;bt_bb_align_inherit&quot;,&quot;def&quot;:&quot;inherit&quot;}}\"><div class=\"bt_bb_service_content\"><span  data-ico-essential=\"&#xe9a4;\" class=\"bt_bb_icon_holder\"><\/span><div class=\"bt_bb_service_content_title\">DEMANDE AUTORISATION<\/div><\/div><div class=\"bt_bb_service_content_text\">Demander les autorisations n\u00e9cessaires pour effectuer la mission<\/div><\/div><div class=\"bt_bb_separator bt_bb_border_style_none bt_bb_bottom_spacing_medium\" data-bt-override-class=\"null\"><\/div><\/div><\/div><\/div><\/div><div class=\"bt_bb_row \"  data-bt-override-class=\"{}\"><div class=\"bt_bb_row_holder\" ><div  class=\"bt_bb_column col-xl-3 col-xs-12 col-sm-6 col-md-6 col-lg-3 bt_bb_align_left bt_bb_vertical_align_top bt_bb_padding_double\"  data-width=\"3\" data-bt-override-class=\"{}\"><div class=\"bt_bb_column_content\"><div data-bb-version=\"4.8.0\" class=\"bt_bb_service bt_bb_color_scheme_5 bt_bb_style_borderless bt_bb_size_large bt_bb_shape_circle bt_bb_align_inherit\" data-bt-override-class=\"{&quot;bt_bb_size_&quot;:{&quot;current_class&quot;:&quot;bt_bb_size_large&quot;,&quot;def&quot;:&quot;large&quot;},&quot;bt_bb_align_&quot;:{&quot;current_class&quot;:&quot;bt_bb_align_inherit&quot;,&quot;def&quot;:&quot;inherit&quot;}}\"><div class=\"bt_bb_service_content\"><span  data-ico-essential=\"&#xe929;\" class=\"bt_bb_icon_holder\"><\/span><div class=\"bt_bb_service_content_title\">FIXER LA DATE<\/div><\/div><div class=\"bt_bb_service_content_text\">Fixer la date de la mission en fonction des prescriptions de la zone de vol et, le cas ech\u00e9ant, des d\u00e9lais d'introduction des demandes d'autorisation impos\u00e9s par les autorit\u00e9s<\/div><\/div><div class=\"bt_bb_separator bt_bb_border_style_none bt_bb_bottom_spacing_medium\" data-bt-override-class=\"null\"><\/div><\/div><\/div><div  class=\"bt_bb_column col-xl-3 col-xs-12 col-sm-6 col-md-6 col-lg-3 bt_bb_align_left bt_bb_vertical_align_top bt_bb_padding_double\"  data-width=\"3\" data-bt-override-class=\"{}\"><div class=\"bt_bb_column_content\"><div data-bb-version=\"4.8.0\" class=\"bt_bb_service bt_bb_color_scheme_5 bt_bb_style_borderless bt_bb_size_large bt_bb_shape_circle bt_bb_align_inherit\" data-bt-override-class=\"{&quot;bt_bb_size_&quot;:{&quot;current_class&quot;:&quot;bt_bb_size_large&quot;,&quot;def&quot;:&quot;large&quot;},&quot;bt_bb_align_&quot;:{&quot;current_class&quot;:&quot;bt_bb_align_inherit&quot;,&quot;def&quot;:&quot;inherit&quot;}}\"><div class=\"bt_bb_service_content\"><span  data-ico-essential=\"&#xea79;\" class=\"bt_bb_icon_holder\"><\/span><div class=\"bt_bb_service_content_title\">REPERAGE<\/div><\/div><div class=\"bt_bb_service_content_text\">Rep\u00e9rer les lieux directement sur place ou par l'utilisation des outils internet (Google MAP, Google Earth PRO, etc.)<\/div><\/div><div class=\"bt_bb_separator bt_bb_border_style_none bt_bb_bottom_spacing_medium\" data-bt-override-class=\"null\"><\/div><\/div><\/div><div  class=\"bt_bb_column col-xl-3 col-xs-12 col-sm-6 col-md-6 col-lg-3 bt_bb_align_left bt_bb_vertical_align_top bt_bb_padding_double\"  data-width=\"3\" data-bt-override-class=\"{}\"><div class=\"bt_bb_column_content\"><div data-bb-version=\"4.8.0\" class=\"bt_bb_service bt_bb_color_scheme_5 bt_bb_style_borderless bt_bb_size_large bt_bb_shape_circle bt_bb_align_inherit\" data-bt-override-class=\"{&quot;bt_bb_size_&quot;:{&quot;current_class&quot;:&quot;bt_bb_size_large&quot;,&quot;def&quot;:&quot;large&quot;},&quot;bt_bb_align_&quot;:{&quot;current_class&quot;:&quot;bt_bb_align_inherit&quot;,&quot;def&quot;:&quot;inherit&quot;}}\"><div class=\"bt_bb_service_content\"><span  data-ico-drones=\"&#xf10a;\" class=\"bt_bb_icon_holder\"><\/span><div class=\"bt_bb_service_content_title\">MISSION<\/div><\/div><div class=\"bt_bb_service_content_text\">Effectuer la mission dans le respect des r\u00e8gles et dans les conditions de s\u00e9curit\u00e9 optimales (en fonction des conditions m\u00e9t\u00e9o, des perturbations \u00e9lectromagn\u00e9tiques, de la configuration des lieux, etc.)<\/div><\/div><div class=\"bt_bb_separator bt_bb_border_style_none bt_bb_bottom_spacing_medium\" data-bt-override-class=\"null\"><\/div><\/div><\/div><div  class=\"bt_bb_column col-xl-3 col-xs-12 col-sm-6 col-md-6 col-lg-3 bt_bb_align_left bt_bb_vertical_align_top bt_bb_padding_double\"  data-width=\"3\" data-bt-override-class=\"{}\"><div class=\"bt_bb_column_content\"><div data-bb-version=\"4.8.0\" class=\"bt_bb_service bt_bb_color_scheme_5 bt_bb_style_borderless bt_bb_size_large bt_bb_shape_circle bt_bb_align_inherit\" data-bt-override-class=\"{&quot;bt_bb_size_&quot;:{&quot;current_class&quot;:&quot;bt_bb_size_large&quot;,&quot;def&quot;:&quot;large&quot;},&quot;bt_bb_align_&quot;:{&quot;current_class&quot;:&quot;bt_bb_align_inherit&quot;,&quot;def&quot;:&quot;inherit&quot;}}\"><div class=\"bt_bb_service_content\"><span  data-ico-essential=\"&#xe90f;\" class=\"bt_bb_icon_holder\"><\/span><div class=\"bt_bb_service_content_title\">LIVRABLES<\/div><\/div><div class=\"bt_bb_service_content_text\">Transmission des livrables d\u00e9finis dans le devis au client<\/div><\/div><div class=\"bt_bb_separator bt_bb_border_style_none bt_bb_bottom_spacing_medium\" data-bt-override-class=\"null\"><\/div><\/div><\/div><\/div><\/div><div class=\"bt_bb_row \"  data-bt-override-class=\"{}\"><div class=\"bt_bb_row_holder\" ><\/div><\/div><\/div><!-- cell_inner --><\/div><!-- cell --><\/div><!-- port --><\/section><\/p>\n","protected":false},"excerpt":{"rendered":"","protected":false},"author":1,"featured_media":0,"parent":0,"menu_order":0,"comment_status":"closed","ping_status":"closed","template":"","meta":{"_monsterinsights_skip_tracking":false,"_monsterinsights_sitenote_active":false,"_monsterinsights_sitenote_note":"","_monsterinsights_sitenote_category":0,"footnotes":""},"class_list":["post-3199","page","type-page","status-publish","hentry"],"aioseo_notices":[],"featured_media_urls":[],"_links":{"self":[{"href":"https:\/\/www.gecovisual.com\/index.php\/wp-json\/wp\/v2\/pages\/3199","targetHints":{"allow":["GET"]}}],"collection":[{"href":"https:\/\/www.gecovisual.com\/index.php\/wp-json\/wp\/v2\/pages"}],"about":[{"href":"https:\/\/www.gecovisual.com\/index.php\/wp-json\/wp\/v2\/types\/page"}],"author":[{"embeddable":true,"href":"https:\/\/www.gecovisual.com\/index.php\/wp-json\/wp\/v2\/users\/1"}],"replies":[{"embeddable":true,"href":"https:\/\/www.gecovisual.com\/index.php\/wp-json\/wp\/v2\/comments?post=3199"}],"version-history":[{"count":13,"href":"https:\/\/www.gecovisual.com\/index.php\/wp-json\/wp\/v2\/pages\/3199\/revisions"}],"predecessor-version":[{"id":5405,"href":"https:\/\/www.gecovisual.com\/index.php\/wp-json\/wp\/v2\/pages\/3199\/revisions\/5405"}],"wp:attachment":[{"href":"https:\/\/www.gecovisual.com\/index.php\/wp-json\/wp\/v2\/media?parent=3199"}],"curies":[{"name":"wp","href":"https:\/\/api.w.org\/{rel}","templated":true}]}}