{"id":4502,"date":"2024-02-06T15:45:18","date_gmt":"2024-02-06T15:45:18","guid":{"rendered":"https:\/\/gmbfconsulting.com\/?page_id=4502"},"modified":"2024-04-10T15:14:44","modified_gmt":"2024-04-10T14:14:44","slug":"inspection","status":"publish","type":"page","link":"https:\/\/www.gecovisual.com\/index.php\/inspection\/","title":{"rendered":"Inspection"},"content":{"rendered":"<p><section data-bb-version=\"4.8.0\" id=\"bt_bb_section69ee0c3e821dd\" class=\"bt_bb_section bt_bb_color_scheme_1 bt_bb_layout_boxed_1200 bt_bb_vertical_align_top bt_bb_background_overlay_dark_solid bt_bb_top_spacing_extra_large bt_bb_bottom_spacing_large\" style=\"; --section-primary-color:#ffffff; --section-secondary-color:#262626;\" data-bt-override-class=\"{&quot;bt_bb_top_spacing_&quot;:{&quot;current_class&quot;:&quot;bt_bb_top_spacing_extra_large&quot;,&quot;def&quot;:&quot;extra_large&quot;},&quot;bt_bb_bottom_spacing_&quot;:{&quot;current_class&quot;:&quot;bt_bb_bottom_spacing_large&quot;,&quot;def&quot;:&quot;large&quot;}}\"><div class=\"bt_bb_background_image_holder_wrapper\"><div class=\"bt_bb_background_image_holder btLazyLoadBackground bt_bb_parallax\"  data-background_image_src=\"https:\/\/www.gecovisual.com\/wp-content\/uploads\/2024\/02\/Inspection_1.jpg\" data-parallax=\"0.6\" data-parallax-offset=\"0\" data-parallax-zoom-start=\"1\" data-parallax-zoom-end=\"1\" data-parallax-blur-start=\"0\" data-parallax-blur-end=\"0\" data-parallax-opacity-start=\"1\" data-parallax-opacity-end=\"1\" style=\" background-image: url(&#039;https:\/\/www.gecovisual.com\/wp-content\/plugins\/bold-page-builder\/img\/blank.gif&#039;);\"><\/div><\/div><div class=\"bt_bb_port\"><div class=\"bt_bb_cell\"><div class=\"bt_bb_cell_inner\"><div class=\"bt_bb_row \"  data-bt-override-class=\"{}\"><div class=\"bt_bb_row_holder\" ><div  class=\"bt_bb_column col-xl-12 col-xs-12 col-sm-12 col-md-12 col-lg-12 bt_bb_align_left bt_bb_vertical_align_bottom bt_bb_padding_normal\"  data-width=\"12\" data-bt-override-class=\"{}\"><div class=\"bt_bb_column_content\"><div data-bb-version=\"4.8.0\" class=\"bt_bb_separator bt_bb_border_style_none bt_bb_top_spacing_small bt_bb_bottom_spacing_small\" data-bt-override-class=\"{&quot;bt_bb_top_spacing_&quot;:{&quot;current_class&quot;:&quot;bt_bb_top_spacing_small&quot;,&quot;def&quot;:&quot;small&quot;},&quot;bt_bb_bottom_spacing_&quot;:{&quot;current_class&quot;:&quot;bt_bb_bottom_spacing_small&quot;,&quot;def&quot;:&quot;small&quot;}}\"><\/div><header data-bb-version=\"4.8.0\" class=\"bt_bb_headline bt_bb_subheadline_text_transform_default bt_bb_dash_none bt_bb_size_extralarge bt_bb_align_inherit\" data-bt-override-class=\"{&quot;bt_bb_size_&quot;:{&quot;current_class&quot;:&quot;bt_bb_size_extralarge&quot;,&quot;def&quot;:&quot;extralarge&quot;},&quot;bt_bb_align_&quot;:{&quot;current_class&quot;:&quot;bt_bb_align_inherit&quot;,&quot;def&quot;:&quot;inherit&quot;}}\"><h1 class=\"bt_bb_headline_tag\"><span class=\"bt_bb_headline_content\"><span>Inspection par drone<\/span><\/span><\/h1><\/header><div data-bb-version=\"4.8.0\" class=\"bt_bb_separator bt_bb_border_style_none bt_bb_top_spacing_small bt_bb_bottom_spacing_small\" data-bt-override-class=\"{&quot;bt_bb_top_spacing_&quot;:{&quot;current_class&quot;:&quot;bt_bb_top_spacing_small&quot;,&quot;def&quot;:&quot;small&quot;},&quot;bt_bb_bottom_spacing_&quot;:{&quot;current_class&quot;:&quot;bt_bb_bottom_spacing_small&quot;,&quot;def&quot;:&quot;small&quot;}}\"><\/div><div data-bb-version=\"4.8.8\" class=\"bt_bb_button bt_bb_color_scheme_14 bt_bb_icon_position_left bt_bb_style_outline bt_bb_size_large bt_bb_width_inline bt_bb_shape_square bt_bb_target_blank bt_bb_text_transform_inherit bt_bb_align_center bt_bb_animation_zoom_in animate\" style=\"; --primary-color:#fff; --secondary-color:#000;\" data-bt-override-class=\"{&quot;bt_bb_size_&quot;:{&quot;current_class&quot;:&quot;bt_bb_size_large&quot;,&quot;def&quot;:&quot;large&quot;},&quot;bt_bb_align_&quot;:{&quot;current_class&quot;:&quot;bt_bb_align_center&quot;,&quot;def&quot;:&quot;center&quot;}}\"><a href=\"https:\/\/www.gecovisual.com\/index.php\/contact\/\" target=\"_blank\" class=\"bt_bb_link\" title=\"Demandez votre devis gratuit\"><span class=\"bt_bb_button_text\" >Demandez votre devis gratuit<\/span><\/a><\/div><\/div><\/div><\/div><\/div><\/div><!-- cell_inner --><\/div><!-- cell --><\/div><!-- port --><\/section><section data-bb-version=\"4.8.0\" id=\"bt_bb_section69ee0c3e824a5\" class=\"bt_bb_section bt_bb_layout_boxed_1200\"  data-bt-override-class=\"null\"><div class=\"bt_bb_port\"><div class=\"bt_bb_cell\"><div class=\"bt_bb_cell_inner\"><div class=\"bt_bb_row  bt_bb_column_gap_0\" style=\"; --column-gap:0px;\" data-bt-override-class=\"{}\"><div class=\"bt_bb_row_holder\" ><div  class=\"bt_bb_column col-xl-12 col-xs-12 col-sm-12 col-md-12 col-lg-12 bt_bb_align_left bt_bb_vertical_align_top bt_bb_padding_normal\"  data-width=\"12\" data-bt-override-class=\"{}\"><div class=\"bt_bb_column_content\"><div class=\"bt_bb_separator bt_bb_border_style_none bt_bb_bottom_spacing_normal\" data-bt-override-class=\"null\"><\/div><div data-bb-version=\"4.8.0\"  class=\"bt_bb_text\" ><\/p>\n<p>L&#8217;inspection par drone permet d&#8217;effectuer des inspections visuelles ou techniques de structures, d&#8217;installations ou de zones difficiles d&#8217;acc\u00e8s. Cette approche offre plusieurs avantages par rapport aux m\u00e9thodes traditionnelles d&#8217;inspection, notamment la rapidit\u00e9, la s\u00e9curit\u00e9, et la collecte de donn\u00e9es \u00e0 partir de perspectives a\u00e9riennes.<\/p>\n<p>Voici quelques domaines o\u00f9 l&#8217;inspection par drone est couramment utilis\u00e9e :<\/p>\n<ol>\n<li><strong>Inspection des infrastructures :<\/strong> Les drones sont employ\u00e9s pour inspecter des ponts, des barrages, des routes, des chemins de fer et d&#8217;autres structures civiles afin de d\u00e9tecter des d\u00e9fauts, des fissures, des d\u00e9formations ou d&#8217;autres probl\u00e8mes.<\/li>\n<li><strong>Inspection des b\u00e2timents :<\/strong> Les drones peuvent \u00eatre utilis\u00e9s pour inspecter l&#8217;\u00e9tat des toits, des fa\u00e7ades, des chemin\u00e9es, des clochers, et d&#8217;autres parties difficiles \u00e0 atteindre des b\u00e2timents.<\/li>\n<li><strong>Inspection industrielle :<\/strong> Dans les installations industrielles, les drones peuvent \u00eatre d\u00e9ploy\u00e9s pour inspecter les \u00e9quipements, les chemin\u00e9es, les r\u00e9servoirs, les tours de refroidissement, et d&#8217;autres structures pour identifier les probl\u00e8mes de maintenance.<\/li>\n<li><strong>Inspection des lignes \u00e9lectriques et des infrastructures \u00e9nerg\u00e9tiques :<\/strong> Les drones peuvent \u00eatre employ\u00e9s pour inspecter les pyl\u00f4nes, les lignes \u00e9lectriques, les \u00e9oliennes et les panneaux solaires, permettant de d\u00e9tecter des probl\u00e8mes potentiels sans n\u00e9cessiter d&#8217;arr\u00eats de production.<\/li>\n<li><strong>Surveillance environnementale :<\/strong> Les drones peuvent \u00eatre utilis\u00e9s pour surveiller des zones environnementales, comme les for\u00eats, les zones humides, ou les zones touch\u00e9es par des catastrophes naturelles.<\/li>\n<\/ol>\n<p>L&#8217;utilisation de drones pour l&#8217;inspection pr\u00e9sente plusieurs avantages, tels que la r\u00e9duction des risques pour les travailleurs, la diminution des co\u00fbts op\u00e9rationnels, la collecte de donn\u00e9es en temps r\u00e9el, et la possibilit\u00e9 d&#8217;acc\u00e9der \u00e0 des zones difficiles ou dangereuses. Cependant, elle n\u00e9cessite \u00e9galement une planification appropri\u00e9e, des comp\u00e9tences de pilotage de drone et l&#8217;utilisation de technologies d&#8217;imagerie adapt\u00e9es aux besoins sp\u00e9cifiques de l&#8217;inspection.<\/p>\n<p>\n<\/div><div class=\"bt_bb_separator bt_bb_border_style_none bt_bb_bottom_spacing_normal\" data-bt-override-class=\"null\"><\/div><div class=\"bt_bb_separator bt_bb_border_style_none bt_bb_bottom_spacing_normal\" data-bt-override-class=\"null\"><\/div><\/div><\/div><\/div><\/div><\/div><!-- cell_inner --><\/div><!-- cell --><\/div><!-- port --><\/section><\/p>\n","protected":false},"excerpt":{"rendered":"","protected":false},"author":1,"featured_media":0,"parent":0,"menu_order":0,"comment_status":"closed","ping_status":"closed","template":"","meta":{"_monsterinsights_skip_tracking":false,"_monsterinsights_sitenote_active":false,"_monsterinsights_sitenote_note":"","_monsterinsights_sitenote_category":0,"footnotes":""},"class_list":["post-4502","page","type-page","status-publish","hentry"],"aioseo_notices":[],"featured_media_urls":[],"_links":{"self":[{"href":"https:\/\/www.gecovisual.com\/index.php\/wp-json\/wp\/v2\/pages\/4502","targetHints":{"allow":["GET"]}}],"collection":[{"href":"https:\/\/www.gecovisual.com\/index.php\/wp-json\/wp\/v2\/pages"}],"about":[{"href":"https:\/\/www.gecovisual.com\/index.php\/wp-json\/wp\/v2\/types\/page"}],"author":[{"embeddable":true,"href":"https:\/\/www.gecovisual.com\/index.php\/wp-json\/wp\/v2\/users\/1"}],"replies":[{"embeddable":true,"href":"https:\/\/www.gecovisual.com\/index.php\/wp-json\/wp\/v2\/comments?post=4502"}],"version-history":[{"count":8,"href":"https:\/\/www.gecovisual.com\/index.php\/wp-json\/wp\/v2\/pages\/4502\/revisions"}],"predecessor-version":[{"id":5347,"href":"https:\/\/www.gecovisual.com\/index.php\/wp-json\/wp\/v2\/pages\/4502\/revisions\/5347"}],"wp:attachment":[{"href":"https:\/\/www.gecovisual.com\/index.php\/wp-json\/wp\/v2\/media?parent=4502"}],"curies":[{"name":"wp","href":"https:\/\/api.w.org\/{rel}","templated":true}]}}