{"id":5081,"date":"2024-04-05T09:55:22","date_gmt":"2024-04-05T08:55:22","guid":{"rendered":"https:\/\/www.gecovisual.com\/?page_id=5081"},"modified":"2024-04-10T09:48:19","modified_gmt":"2024-04-10T08:48:19","slug":"about-us-italiano","status":"publish","type":"page","link":"https:\/\/www.gecovisual.com\/index.php\/it\/about-us-italiano\/","title":{"rendered":"About us &#8211; Italiano"},"content":{"rendered":"<p><section data-bb-version=\"4.6.1\" id=\"bt_bb_section69ee3115233af\" class=\"bt_bb_section bt_bb_layout_boxed_1200 bt_bb_vertical_align_middle bt_bb_background_overlay_dark_solid bt_bb_top_spacing_extra_large bt_bb_bottom_spacing_large\"  data-bt-override-class=\"{&quot;bt_bb_top_spacing_&quot;:{&quot;current_class&quot;:&quot;bt_bb_top_spacing_extra_large&quot;,&quot;def&quot;:&quot;extra_large&quot;},&quot;bt_bb_bottom_spacing_&quot;:{&quot;current_class&quot;:&quot;bt_bb_bottom_spacing_large&quot;,&quot;def&quot;:&quot;large&quot;}}\"><div class=\"bt_bb_background_image_holder_wrapper\"><div class=\"bt_bb_background_image_holder btLazyLoadBackground bt_bb_parallax\"  data-background_image_src=\"https:\/\/www.gecovisual.com\/wp-content\/uploads\/2024\/02\/Commande_2-scaled-e1707230387727.jpg\" data-parallax=\"0.7\" data-parallax-offset=\"0\" data-parallax-zoom-start=\"1\" data-parallax-zoom-end=\"1\" data-parallax-blur-start=\"0\" data-parallax-blur-end=\"0\" data-parallax-opacity-start=\"1\" data-parallax-opacity-end=\"1\" style=\" background-image: url(&#039;https:\/\/www.gecovisual.com\/wp-content\/plugins\/bold-page-builder\/img\/blank.gif&#039;);\"><\/div><\/div><div class=\"bt_bb_port\"><div class=\"bt_bb_cell\"><div class=\"bt_bb_cell_inner\"><div class=\"bt_bb_row \"  data-bt-override-class=\"{}\"><div class=\"bt_bb_row_holder\" ><div  class=\"bt_bb_column col-xl-12 col-xs-12 col-sm-12 col-md-12 col-lg-12 bt_bb_align_left bt_bb_vertical_align_top bt_bb_padding_normal\"  data-width=\"12\" data-bt-override-class=\"{}\"><div class=\"bt_bb_column_content\"><div data-bb-version=\"4.8.0\" class=\"bt_bb_separator bt_bb_border_style_none bt_bb_top_spacing_small bt_bb_bottom_spacing_small\" data-bt-override-class=\"{&quot;bt_bb_top_spacing_&quot;:{&quot;current_class&quot;:&quot;bt_bb_top_spacing_small&quot;,&quot;def&quot;:&quot;small&quot;},&quot;bt_bb_bottom_spacing_&quot;:{&quot;current_class&quot;:&quot;bt_bb_bottom_spacing_small&quot;,&quot;def&quot;:&quot;small&quot;}}\"><\/div><header data-bb-version=\"4.8.8\" class=\"bt_bb_headline bt_bb_subheadline_text_transform_default bt_bb_color_scheme_1 bt_bb_dash_none bt_bb_size_extralarge bt_bb_align_inherit\" style=\"; --primary-color:#ffffff; --secondary-color:#262626;\" data-bt-override-class=\"{&quot;bt_bb_size_&quot;:{&quot;current_class&quot;:&quot;bt_bb_size_extralarge&quot;,&quot;def&quot;:&quot;extralarge&quot;},&quot;bt_bb_align_&quot;:{&quot;current_class&quot;:&quot;bt_bb_align_inherit&quot;,&quot;def&quot;:&quot;inherit&quot;}}\"><h1 class=\"bt_bb_headline_tag\"><span class=\"bt_bb_headline_content\"><span>Chi siamo<\/span><\/span><\/h1><\/header><div data-bb-version=\"4.8.0\" class=\"bt_bb_separator bt_bb_border_style_none bt_bb_top_spacing_small bt_bb_bottom_spacing_small\" data-bt-override-class=\"{&quot;bt_bb_top_spacing_&quot;:{&quot;current_class&quot;:&quot;bt_bb_top_spacing_small&quot;,&quot;def&quot;:&quot;small&quot;},&quot;bt_bb_bottom_spacing_&quot;:{&quot;current_class&quot;:&quot;bt_bb_bottom_spacing_small&quot;,&quot;def&quot;:&quot;small&quot;}}\"><\/div><\/div><\/div><\/div><\/div><\/div><!-- cell_inner --><\/div><!-- cell --><\/div><!-- port --><\/section><section id=\"bt_bb_section69ee3115236b2\" class=\"bt_bb_section bt_bb_layout_boxed_1200 bt_bb_vertical_align_top\"  data-bt-override-class=\"null\"><div class=\"bt_bb_port\"><div class=\"bt_bb_cell\"><div class=\"bt_bb_cell_inner\"><div class=\"bt_bb_row \"  data-bt-override-class=\"{}\"><div class=\"bt_bb_row_holder\" ><div  class=\"bt_bb_column col-xl-12 col-xs-12 col-sm-12 col-md-12 col-lg-12 bt_bb_align_left bt_bb_vertical_align_middle bt_bb_padding_normal bt_bb_triangle_bottom\" style=\"background-color: rgba(255, 255, 255, 1);\" data-width=\"12\" data-bt-override-class=\"{}\"><div class=\"bt_bb_column_content\"><div class=\"bt_bb_separator bt_bb_border_style_none bt_bb_bottom_spacing_normal\" data-bt-override-class=\"null\"><\/div><header data-bb-version=\"4.8.8\" class=\"bt_bb_headline bt_bb_subheadline_text_transform_default bt_bb_dash_none bt_bb_subheadline bt_bb_size_extralarge bt_bb_align_inherit\" data-bt-override-class=\"{&quot;bt_bb_size_&quot;:{&quot;current_class&quot;:&quot;bt_bb_size_extralarge&quot;,&quot;def&quot;:&quot;extralarge&quot;},&quot;bt_bb_align_&quot;:{&quot;current_class&quot;:&quot;bt_bb_align_inherit&quot;,&quot;def&quot;:&quot;inherit&quot;}}\"><div class=\"bt_bb_headline_subheadline\">Chi siamo?<\/div><\/header><div class=\"bt_bb_separator bt_bb_border_style_none bt_bb_bottom_spacing_normal\" data-bt-override-class=\"null\"><\/div><div class=\" bt_bb_row_inner\"   data-bt-override-class=\"{}\"><div class=\"bt_bb_row_inner_holder\"  ><div  class=\"bt_bb_column_inner col-xxl-6 col-xl-6 bt_bb_vertical_align_top bt_bb_align_left bt_bb_padding_normal\"  data-width=\"6\" data-bt-override-class=\"{}\"><div class=\"bt_bb_column_inner_content\"><div class=\"bt_bb_column_inner_content_inner\"><div data-bb-version=\"4.8.8\" class=\"bt_bb_service bt_bb_color_scheme_5 bt_bb_style_borderless bt_bb_size_normal bt_bb_shape_circle bt_bb_align_inherit\" data-bt-override-class=\"{&quot;bt_bb_size_&quot;:{&quot;current_class&quot;:&quot;bt_bb_size_normal&quot;,&quot;def&quot;:&quot;normal&quot;},&quot;bt_bb_align_&quot;:{&quot;current_class&quot;:&quot;bt_bb_align_inherit&quot;,&quot;def&quot;:&quot;inherit&quot;}}\"><div class=\"bt_bb_service_content\"><span  data-ico-icon7stroke=\"&#xe6c3;\" class=\"bt_bb_icon_holder\"><\/span><div class=\"bt_bb_service_content_title\">DECOLLO<\/div><\/div><div class=\"bt_bb_service_content_text\">G&amp;Co Visual \u00e8 un marchio registrato da GMBF Consulting srl. \u00c8 nel 2021 che vengono gettate le basi del progetto che per\u00f2 non verr\u00e0 realizzato prima del 2023.<\/div><\/div><div class=\"bt_bb_separator bt_bb_border_style_none bt_bb_bottom_spacing_normal\" data-bt-override-class=\"null\"><\/div><div data-bb-version=\"4.8.8\" class=\"bt_bb_service bt_bb_color_scheme_5 bt_bb_style_borderless bt_bb_size_normal bt_bb_shape_circle bt_bb_align_inherit\" data-bt-override-class=\"{&quot;bt_bb_size_&quot;:{&quot;current_class&quot;:&quot;bt_bb_size_normal&quot;,&quot;def&quot;:&quot;normal&quot;},&quot;bt_bb_align_&quot;:{&quot;current_class&quot;:&quot;bt_bb_align_inherit&quot;,&quot;def&quot;:&quot;inherit&quot;}}\"><div class=\"bt_bb_service_content\"><span  data-ico-essential=\"&#xea78;\" class=\"bt_bb_icon_holder\"><\/span><div class=\"bt_bb_service_content_title\">RANGE D'AZIONE<\/div><\/div><div class=\"bt_bb_service_content_text\">Viaggiamo in tutta Europa per aiutarti a realizzare i tuoi progetti e soddisfare le tue esigenze.<\/div><\/div><div class=\"bt_bb_separator bt_bb_border_style_none bt_bb_bottom_spacing_normal\" data-bt-override-class=\"null\"><\/div><\/div><\/div><\/div><div  class=\"bt_bb_column_inner col-xxl-6 col-xl-6 bt_bb_vertical_align_top bt_bb_align_left bt_bb_padding_normal\"  data-width=\"6\" data-bt-override-class=\"{}\"><div class=\"bt_bb_column_inner_content\"><div class=\"bt_bb_column_inner_content_inner\"><div data-bb-version=\"4.8.8\" class=\"bt_bb_service bt_bb_color_scheme_5 bt_bb_style_borderless bt_bb_size_small bt_bb_shape_circle bt_bb_align_inherit\" data-bt-override-class=\"{&quot;bt_bb_size_&quot;:{&quot;current_class&quot;:&quot;bt_bb_size_small&quot;,&quot;def&quot;:&quot;small&quot;},&quot;bt_bb_align_&quot;:{&quot;current_class&quot;:&quot;bt_bb_align_inherit&quot;,&quot;def&quot;:&quot;inherit&quot;}}\"><div class=\"bt_bb_service_content\"><span  data-ico-essential=\"&#xe9a5;\" class=\"bt_bb_icon_holder\"><\/span><div class=\"bt_bb_service_content_title\">LA NOSTRA MOTIVAZIONE<\/div><\/div><div class=\"bt_bb_service_content_text\">Il nostro team \u00e8 composto da appassionati e amanti del lavoro ben fatto. Garantiamo un approccio professionale adattato alle esigenze dei nostri clienti.<\/div><\/div><div class=\"bt_bb_separator bt_bb_border_style_none bt_bb_bottom_spacing_normal\" data-bt-override-class=\"null\"><\/div><div data-bb-version=\"4.8.8\" class=\"bt_bb_service bt_bb_color_scheme_5 bt_bb_style_borderless bt_bb_size_normal bt_bb_shape_circle bt_bb_align_inherit\" data-bt-override-class=\"{&quot;bt_bb_size_&quot;:{&quot;current_class&quot;:&quot;bt_bb_size_normal&quot;,&quot;def&quot;:&quot;normal&quot;},&quot;bt_bb_align_&quot;:{&quot;current_class&quot;:&quot;bt_bb_align_inherit&quot;,&quot;def&quot;:&quot;inherit&quot;}}\"><div class=\"bt_bb_service_content\"><span  data-ico-drones=\"&#xf119;\" class=\"bt_bb_icon_holder\"><\/span><div class=\"bt_bb_service_content_title\">ESPERIENZA<\/div><\/div><div class=\"bt_bb_service_content_text\">Essendo un'azienda giovane, aumentiamo il numero di missioni e svolgiamo numerose sessioni di formazione per sviluppare le nostre capacit\u00e0 e affinare costantemente la nostra tecnica. Crediamo fermamente nella formazione continua e nello sviluppo permanente. Non diamo mai nulla per scontato e lavoriamo duramente per soddisfare le richieste dei nostri clienti.<\/div><\/div><div class=\"bt_bb_separator bt_bb_border_style_none bt_bb_bottom_spacing_normal\" data-bt-override-class=\"null\"><\/div><\/div><\/div><\/div><\/div><\/div><div class=\"bt_bb_separator bt_bb_border_style_none bt_bb_bottom_spacing_medium\" data-bt-override-class=\"null\"><\/div><\/div><div class=\"bt_bb_column_triangle_box\"  style=\"border-color: rgba(255, 255, 255, 1);\"><\/div><\/div><\/div><\/div><\/div><!-- cell_inner --><\/div><!-- cell --><\/div><!-- port --><\/section><section data-bb-version=\"4.8.0\" id=\"bt_bb_section69ee311523c21\" class=\"bt_bb_section bt_bb_color_scheme_11 bt_bb_layout_boxed_1200 bt_bb_vertical_align_top bt_bb_top_spacing_normal bt_bb_bottom_spacing_normal\" style=\"; --section-primary-color:#444; --section-secondary-color:#efefef;\" data-bt-override-class=\"{&quot;bt_bb_top_spacing_&quot;:{&quot;current_class&quot;:&quot;bt_bb_top_spacing_normal&quot;,&quot;def&quot;:&quot;normal&quot;},&quot;bt_bb_bottom_spacing_&quot;:{&quot;current_class&quot;:&quot;bt_bb_bottom_spacing_normal&quot;,&quot;def&quot;:&quot;normal&quot;}}\"><div class=\"bt_bb_port\"><div class=\"bt_bb_cell\"><div class=\"bt_bb_cell_inner\"><div class=\"bt_bb_row \"  data-bt-override-class=\"{}\"><div class=\"bt_bb_row_holder\" ><div  class=\"bt_bb_column col-xl-12 col-xs-12 col-sm-12 col-md-12 col-lg-12 bt_bb_align_center bt_bb_vertical_align_top bt_bb_padding_normal\"  data-width=\"12\" data-bt-override-class=\"{}\"><div class=\"bt_bb_column_content\"><header data-bb-version=\"4.8.8\" class=\"bt_bb_headline bt_bb_subheadline_text_transform_default bt_bb_dash_none bt_bb_size_large bt_bb_align_inherit\" data-bt-override-class=\"{&quot;bt_bb_size_&quot;:{&quot;current_class&quot;:&quot;bt_bb_size_large&quot;,&quot;def&quot;:&quot;large&quot;},&quot;bt_bb_align_&quot;:{&quot;current_class&quot;:&quot;bt_bb_align_inherit&quot;,&quot;def&quot;:&quot;inherit&quot;}}\"><h2 class=\"bt_bb_headline_tag\"><span class=\"bt_bb_headline_content\"><span>Il mio viaggio<\/span><\/span><\/h2><\/header><div class=\"bt_bb_separator bt_bb_border_style_none bt_bb_bottom_spacing_medium\" data-bt-override-class=\"null\"><\/div><div data-bb-version=\"4.8.0\"  class=\"bt_bb_text\" ><\/p>\n<p>Come molte persone, il mio percorso professionale non \u00e8 un fiume lungo e tranquillo.<\/p>\n<p>Dall&#8217;et\u00e0 di 16 anni ho svolto diversi lavori da studente nei campi pi\u00f9 svariati. Ho terminato gli studi in Scienze Politiche nel 2004 e, dopo un soggiorno all&#8217;estero, pi\u00f9 precisamente a Roma, sono tornato in Belgio nel 2009 per lavorare all&#8217;interno di una pubblica amministrazione in un settore per il quale non ne adatto, ne preparato: le pensioni. \u00c8 grazie alla mia perseveranza, alla mia curiosit\u00e0 e al mio incrollabile desiderio di fare bene che alla fine ho svolto questo ruolo con successo.<\/p>\n<p>Ma presto ho dovuto cambiare e partire per nuove avventure. Sono approdata in un nuovo reparto dove, ancora una volta, ho dovuto imparare tutto e ritrovare il mio posto. Questa volta mi occupo di un servizio finanziario in cui dovr\u00f2 destreggiarmi tra regole ferree e tanti, tanti numeri. Anche in questo caso, ho trovato un posto e ho completato con successo la sfida.<\/p>\n<p>\u00c8 stato nel 2018 che ho avuto l&#8217;opportunit\u00e0 di creare la mia azienda per esplorare nuovi orizzonti. Il mio eclettismo; la mia versatilit\u00e0 e la mia capacit\u00e0 di adattamento mi permetteranno di fare tutto. Questo periodo sar\u00e0 estremamente arricchente.<\/p>\n<p>Ma nel 2021 si sente il bisogno di tornare al mio primo amore. La mia passione per il volo risale alla mia primissima infanzia e ho bisogno di trovare un ambito dove poter finalmente provare l&#8217;emozione di essere ai comandi di un oggetto volante. Dopo alcune ricerche, mi sono imbattuto in questo incredibile oggetto che \u00e8 il drone. \u00c8 una rivelazione per me e, da quel momento in poi, far\u00f2 tutto il possibile per raggiungere il mio obiettivo: fare di questa passione il mio lavoro ed essere cos\u00ec uno dei &#8220;happy few&#8221;.<\/p>\n<p>\n<\/div><\/div><\/div><\/div><\/div><\/div><!-- cell_inner --><\/div><!-- cell --><\/div><!-- port --><\/section><section data-bb-version=\"4.8.0\" id=\"bt_bb_section69ee311523e90\" class=\"bt_bb_section bt_bb_layout_boxed_1200 bt_bb_vertical_align_top bt_bb_top_spacing_normal bt_bb_bottom_spacing_normal\"  data-bt-override-class=\"{&quot;bt_bb_top_spacing_&quot;:{&quot;current_class&quot;:&quot;bt_bb_top_spacing_normal&quot;,&quot;def&quot;:&quot;normal&quot;},&quot;bt_bb_bottom_spacing_&quot;:{&quot;current_class&quot;:&quot;bt_bb_bottom_spacing_normal&quot;,&quot;def&quot;:&quot;normal&quot;}}\"><div class=\"bt_bb_port\"><div class=\"bt_bb_cell\"><div class=\"bt_bb_cell_inner\"><div class=\"bt_bb_row \"  data-bt-override-class=\"{}\"><div class=\"bt_bb_row_holder\" ><div  class=\"bt_bb_column col-xl-12 bt_bb_align_center bt_bb_vertical_align_middle bt_bb_padding_normal\"  data-width=\"12\" data-bt-override-class=\"{}\"><div class=\"bt_bb_column_content\"><header data-bb-version=\"4.8.8\" class=\"bt_bb_headline bt_bb_subheadline_text_transform_default bt_bb_dash_none bt_bb_size_normal bt_bb_align_inherit\" data-bt-override-class=\"{&quot;bt_bb_size_&quot;:{&quot;current_class&quot;:&quot;bt_bb_size_normal&quot;,&quot;def&quot;:&quot;normal&quot;},&quot;bt_bb_align_&quot;:{&quot;current_class&quot;:&quot;bt_bb_align_inherit&quot;,&quot;def&quot;:&quot;inherit&quot;}}\"><h3 class=\"bt_bb_headline_tag\"><span class=\"bt_bb_headline_content\"><span>Il nostro Team<\/span><\/span><\/h3><\/header><div class=\"bt_bb_separator bt_bb_border_style_none bt_bb_bottom_spacing_medium\" data-bt-override-class=\"null\"><\/div><\/div><\/div><\/div><\/div><div class=\"bt_bb_row  bt_bb_column_gap_30\" style=\"; --column-gap:30px;\" data-bt-override-class=\"{}\"><div class=\"bt_bb_row_holder\" ><div data-bb-version=\"4.8.0\"  class=\"bt_bb_column col-xl-4 col-xs-12 col-sm-12 col-md-12 col-lg-4 bt_bb_align_right bt_bb_vertical_align_top bt_bb_padding_normal\"  data-width=\"4\" data-bt-override-class=\"{&quot;bt_bb_align_&quot;:{&quot;current_class&quot;:&quot;bt_bb_align_right&quot;,&quot;def&quot;:&quot;right&quot;},&quot;bt_bb_padding_&quot;:{&quot;current_class&quot;:&quot;bt_bb_padding_normal&quot;,&quot;def&quot;:&quot;normal&quot;}}\"><div class=\"bt_bb_column_content\"><div data-bb-version=\"4.8.0\" class=\"bt_bb_image bt_bb_shape_hard-rounded bt_bb_target_self bt_bb_align_inherit bt_bb_hover_style_simple bt_bb_content_display_show-on-hover bt_bb_content_align_bottom\" data-bt-override-class=\"{&quot;bt_bb_align_&quot;:{&quot;current_class&quot;:&quot;bt_bb_align_inherit&quot;,&quot;def&quot;:&quot;inherit&quot;},&quot;bt_bb_content_display_&quot;:{&quot;current_class&quot;:&quot;bt_bb_content_display_show-on-hover&quot;,&quot;def&quot;:&quot;show-on-hover&quot;}}\"><span><img fetchpriority=\"high\" decoding=\"async\" width=\"640\" height=\"629\" src=\"https:\/\/www.gecovisual.com\/wp-content\/uploads\/2024\/02\/Fede_2-640x629.jpg\" class=\"attachment-medium size-medium\" alt=\"https:\/\/www.gecovisual.com\/wp-content\/uploads\/2024\/02\/Fede_2-640x629.jpg\" data-full_image_src=\"https:\/\/www.gecovisual.com\/wp-content\/uploads\/2024\/02\/Fede_2.jpg\" title=\"Fede_2\" srcset=\"https:\/\/www.gecovisual.com\/wp-content\/uploads\/2024\/02\/Fede_2-640x629.jpg 640w, https:\/\/www.gecovisual.com\/wp-content\/uploads\/2024\/02\/Fede_2-320x314.jpg 320w, https:\/\/www.gecovisual.com\/wp-content\/uploads\/2024\/02\/Fede_2-600x589.jpg 600w, https:\/\/www.gecovisual.com\/wp-content\/uploads\/2024\/02\/Fede_2.jpg 733w\" sizes=\"(max-width: 640px) 100vw, 640px\" \/><\/span><\/div><div data-bb-version=\"4.8.0\" class=\"bt_bb_separator bt_bb_border_style_none bt_bb_top_spacing_none bt_bb_bottom_spacing_small\" data-bt-override-class=\"{&quot;bt_bb_top_spacing_&quot;:{&quot;current_class&quot;:&quot;bt_bb_top_spacing_none&quot;,&quot;def&quot;:&quot;none&quot;},&quot;bt_bb_bottom_spacing_&quot;:{&quot;current_class&quot;:&quot;bt_bb_bottom_spacing_small&quot;,&quot;def&quot;:&quot;small&quot;}}\"><\/div><header data-bb-version=\"4.8.8\" class=\"bt_bb_headline bt_bb_font_weight_bold bt_bb_subheadline_text_transform_default bt_bb_dash_none bt_bb_superheadline bt_bb_size_small bt_bb_align_inherit\" data-bt-override-class=\"{&quot;bt_bb_size_&quot;:{&quot;current_class&quot;:&quot;bt_bb_size_small&quot;,&quot;def&quot;:&quot;small&quot;},&quot;bt_bb_align_&quot;:{&quot;current_class&quot;:&quot;bt_bb_align_inherit&quot;,&quot;def&quot;:&quot;inherit&quot;}}\"><h4 class=\"bt_bb_headline_tag\"><span class=\"bt_bb_headline_superheadline\">PILOTA <\/span><span class=\"bt_bb_headline_content\"><span>Federico GAMBINO<\/span><\/span><\/h4><\/header><div class=\"bt_bb_separator bt_bb_border_style_none bt_bb_bottom_spacing_medium\" data-bt-override-class=\"null\"><\/div><\/div><\/div><div data-bb-version=\"4.8.0\"  class=\"bt_bb_column col-xl-4 col-xs-12 col-sm-12 col-md-12 col-lg-4 bt_bb_align_right bt_bb_vertical_align_top bt_bb_padding_normal\"  data-width=\"4\" data-bt-override-class=\"{&quot;bt_bb_align_&quot;:{&quot;current_class&quot;:&quot;bt_bb_align_right&quot;,&quot;def&quot;:&quot;right&quot;},&quot;bt_bb_padding_&quot;:{&quot;current_class&quot;:&quot;bt_bb_padding_normal&quot;,&quot;def&quot;:&quot;normal&quot;}}\"><div class=\"bt_bb_column_content\"><div data-bb-version=\"4.8.0\" class=\"bt_bb_image bt_bb_shape_hard-rounded bt_bb_target_self bt_bb_align_inherit bt_bb_hover_style_simple bt_bb_content_display_show-on-hover bt_bb_content_align_bottom\" data-bt-override-class=\"{&quot;bt_bb_align_&quot;:{&quot;current_class&quot;:&quot;bt_bb_align_inherit&quot;,&quot;def&quot;:&quot;inherit&quot;},&quot;bt_bb_content_display_&quot;:{&quot;current_class&quot;:&quot;bt_bb_content_display_show-on-hover&quot;,&quot;def&quot;:&quot;show-on-hover&quot;}}\"><span><img decoding=\"async\" width=\"640\" height=\"704\" src=\"https:\/\/www.gecovisual.com\/wp-content\/uploads\/2024\/02\/Davide-e1708937749870-640x704.jpg\" class=\"attachment-medium size-medium\" alt=\"https:\/\/www.gecovisual.com\/wp-content\/uploads\/2024\/02\/Davide-e1708937749870-640x704.jpg\" data-full_image_src=\"https:\/\/www.gecovisual.com\/wp-content\/uploads\/2024\/02\/Davide-e1708937749870.jpg\" title=\"Davide\" srcset=\"https:\/\/www.gecovisual.com\/wp-content\/uploads\/2024\/02\/Davide-e1708937749870-640x704.jpg 640w, https:\/\/www.gecovisual.com\/wp-content\/uploads\/2024\/02\/Davide-e1708937749870-768x845.jpg 768w, https:\/\/www.gecovisual.com\/wp-content\/uploads\/2024\/02\/Davide-e1708937749870-320x352.jpg 320w, https:\/\/www.gecovisual.com\/wp-content\/uploads\/2024\/02\/Davide-e1708937749870-600x660.jpg 600w, https:\/\/www.gecovisual.com\/wp-content\/uploads\/2024\/02\/Davide-e1708937749870.jpg 1200w\" sizes=\"(max-width: 640px) 100vw, 640px\" \/><\/span><\/div><div data-bb-version=\"4.8.0\" class=\"bt_bb_separator bt_bb_border_style_none bt_bb_top_spacing_none bt_bb_bottom_spacing_small\" data-bt-override-class=\"{&quot;bt_bb_top_spacing_&quot;:{&quot;current_class&quot;:&quot;bt_bb_top_spacing_none&quot;,&quot;def&quot;:&quot;none&quot;},&quot;bt_bb_bottom_spacing_&quot;:{&quot;current_class&quot;:&quot;bt_bb_bottom_spacing_small&quot;,&quot;def&quot;:&quot;small&quot;}}\"><\/div><header data-bb-version=\"4.8.8\" class=\"bt_bb_headline bt_bb_font_weight_bold bt_bb_subheadline_text_transform_default bt_bb_dash_none bt_bb_superheadline bt_bb_size_small bt_bb_align_inherit\" data-bt-override-class=\"{&quot;bt_bb_size_&quot;:{&quot;current_class&quot;:&quot;bt_bb_size_small&quot;,&quot;def&quot;:&quot;small&quot;},&quot;bt_bb_align_&quot;:{&quot;current_class&quot;:&quot;bt_bb_align_inherit&quot;,&quot;def&quot;:&quot;inherit&quot;}}\"><h4 class=\"bt_bb_headline_tag\"><span class=\"bt_bb_headline_superheadline\">PILOTA<\/span><span class=\"bt_bb_headline_content\"><span>Davide GAMBINO<\/span><\/span><\/h4><\/header><div class=\"bt_bb_separator bt_bb_border_style_none bt_bb_bottom_spacing_medium\" data-bt-override-class=\"null\"><\/div><\/div><\/div><div data-bb-version=\"4.8.0\"  class=\"bt_bb_column col-xl-4 col-xs-12 col-sm-12 col-md-12 col-lg-4 bt_bb_align_left bt_bb_vertical_align_top bt_bb_padding_normal\"  data-width=\"4\" data-bt-override-class=\"{&quot;bt_bb_align_&quot;:{&quot;current_class&quot;:&quot;bt_bb_align_left&quot;,&quot;def&quot;:&quot;left&quot;},&quot;bt_bb_padding_&quot;:{&quot;current_class&quot;:&quot;bt_bb_padding_normal&quot;,&quot;def&quot;:&quot;normal&quot;}}\"><div class=\"bt_bb_column_content\"><div data-bb-version=\"4.8.0\" class=\"bt_bb_image bt_bb_shape_hard-rounded bt_bb_target_self bt_bb_align_inherit bt_bb_hover_style_simple bt_bb_content_display_show-on-hover bt_bb_content_align_bottom\" data-bt-override-class=\"{&quot;bt_bb_align_&quot;:{&quot;current_class&quot;:&quot;bt_bb_align_inherit&quot;,&quot;def&quot;:&quot;inherit&quot;},&quot;bt_bb_content_display_&quot;:{&quot;current_class&quot;:&quot;bt_bb_content_display_show-on-hover&quot;,&quot;def&quot;:&quot;show-on-hover&quot;}}\"><a href=\"https:\/\/www.laurentcrabeck.digital\/\"  target=\"_self\" title=\"Portrait\"><img decoding=\"async\" width=\"640\" height=\"627\" src=\"https:\/\/www.gecovisual.com\/wp-content\/uploads\/2024\/02\/Portrait-e1708556320567-640x627.jpg\" class=\"attachment-medium size-medium\" alt=\"https:\/\/www.gecovisual.com\/wp-content\/uploads\/2024\/02\/Portrait-e1708556320567-640x627.jpg\" data-full_image_src=\"https:\/\/www.gecovisual.com\/wp-content\/uploads\/2024\/02\/Portrait-e1708556320567.jpg\" title=\"Portrait\" srcset=\"https:\/\/www.gecovisual.com\/wp-content\/uploads\/2024\/02\/Portrait-e1708556320567-640x627.jpg 640w, https:\/\/www.gecovisual.com\/wp-content\/uploads\/2024\/02\/Portrait-e1708556320567-1280x1254.jpg 1280w, https:\/\/www.gecovisual.com\/wp-content\/uploads\/2024\/02\/Portrait-e1708556320567-768x753.jpg 768w, https:\/\/www.gecovisual.com\/wp-content\/uploads\/2024\/02\/Portrait-e1708556320567-1536x1505.jpg 1536w, https:\/\/www.gecovisual.com\/wp-content\/uploads\/2024\/02\/Portrait-e1708556320567-320x314.jpg 320w, https:\/\/www.gecovisual.com\/wp-content\/uploads\/2024\/02\/Portrait-e1708556320567-600x588.jpg 600w, https:\/\/www.gecovisual.com\/wp-content\/uploads\/2024\/02\/Portrait-e1708556320567-1200x1176.jpg 1200w, https:\/\/www.gecovisual.com\/wp-content\/uploads\/2024\/02\/Portrait-e1708556320567.jpg 1750w\" sizes=\"(max-width: 640px) 100vw, 640px\" \/><\/a><\/div><div data-bb-version=\"4.8.0\" class=\"bt_bb_separator bt_bb_border_style_none bt_bb_top_spacing_none bt_bb_bottom_spacing_small\" data-bt-override-class=\"{&quot;bt_bb_top_spacing_&quot;:{&quot;current_class&quot;:&quot;bt_bb_top_spacing_none&quot;,&quot;def&quot;:&quot;none&quot;},&quot;bt_bb_bottom_spacing_&quot;:{&quot;current_class&quot;:&quot;bt_bb_bottom_spacing_small&quot;,&quot;def&quot;:&quot;small&quot;}}\"><\/div><header data-bb-version=\"4.8.8\" class=\"bt_bb_headline bt_bb_font_weight_bold bt_bb_subheadline_text_transform_default bt_bb_dash_none bt_bb_superheadline bt_bb_size_small bt_bb_align_inherit\" data-bt-override-class=\"{&quot;bt_bb_size_&quot;:{&quot;current_class&quot;:&quot;bt_bb_size_small&quot;,&quot;def&quot;:&quot;small&quot;},&quot;bt_bb_align_&quot;:{&quot;current_class&quot;:&quot;bt_bb_align_inherit&quot;,&quot;def&quot;:&quot;inherit&quot;}}\"><h4 class=\"bt_bb_headline_tag\"><span class=\"bt_bb_headline_superheadline\">FOTOGRAFO<\/span><span class=\"bt_bb_headline_content\"><span>Laurent CRABECK<\/span><\/span><\/h4><\/header><div class=\"bt_bb_separator bt_bb_border_style_none bt_bb_bottom_spacing_medium\" data-bt-override-class=\"null\"><\/div><\/div><\/div><\/div><\/div><\/div><!-- cell_inner --><\/div><!-- cell --><\/div><!-- port --><\/section><\/p>\n","protected":false},"excerpt":{"rendered":"","protected":false},"author":1,"featured_media":0,"parent":0,"menu_order":0,"comment_status":"closed","ping_status":"closed","template":"","meta":{"_monsterinsights_skip_tracking":false,"_monsterinsights_sitenote_active":false,"_monsterinsights_sitenote_note":"","_monsterinsights_sitenote_category":0,"footnotes":""},"class_list":["post-5081","page","type-page","status-publish","hentry"],"aioseo_notices":[],"featured_media_urls":[],"_links":{"self":[{"href":"https:\/\/www.gecovisual.com\/index.php\/wp-json\/wp\/v2\/pages\/5081","targetHints":{"allow":["GET"]}}],"collection":[{"href":"https:\/\/www.gecovisual.com\/index.php\/wp-json\/wp\/v2\/pages"}],"about":[{"href":"https:\/\/www.gecovisual.com\/index.php\/wp-json\/wp\/v2\/types\/page"}],"author":[{"embeddable":true,"href":"https:\/\/www.gecovisual.com\/index.php\/wp-json\/wp\/v2\/users\/1"}],"replies":[{"embeddable":true,"href":"https:\/\/www.gecovisual.com\/index.php\/wp-json\/wp\/v2\/comments?post=5081"}],"version-history":[{"count":1,"href":"https:\/\/www.gecovisual.com\/index.php\/wp-json\/wp\/v2\/pages\/5081\/revisions"}],"predecessor-version":[{"id":5082,"href":"https:\/\/www.gecovisual.com\/index.php\/wp-json\/wp\/v2\/pages\/5081\/revisions\/5082"}],"wp:attachment":[{"href":"https:\/\/www.gecovisual.com\/index.php\/wp-json\/wp\/v2\/media?parent=5081"}],"curies":[{"name":"wp","href":"https:\/\/api.w.org\/{rel}","templated":true}]}}