{"id":5155,"date":"2024-04-05T14:44:07","date_gmt":"2024-04-05T13:44:07","guid":{"rendered":"https:\/\/www.gecovisual.com\/?page_id=5155"},"modified":"2024-04-10T16:46:20","modified_gmt":"2024-04-10T15:46:20","slug":"inspection-italiano","status":"publish","type":"page","link":"https:\/\/www.gecovisual.com\/index.php\/it\/inspection-italiano\/","title":{"rendered":"Inspection &#8211; Italiano"},"content":{"rendered":"<p><section data-bb-version=\"4.8.0\" id=\"bt_bb_section69df3a71a0493\" class=\"bt_bb_section bt_bb_color_scheme_1 bt_bb_layout_boxed_1200 bt_bb_vertical_align_top bt_bb_background_overlay_dark_solid bt_bb_top_spacing_extra_large bt_bb_bottom_spacing_large\" style=\"; --section-primary-color:#ffffff; --section-secondary-color:#262626;\" data-bt-override-class=\"{&quot;bt_bb_top_spacing_&quot;:{&quot;current_class&quot;:&quot;bt_bb_top_spacing_extra_large&quot;,&quot;def&quot;:&quot;extra_large&quot;},&quot;bt_bb_bottom_spacing_&quot;:{&quot;current_class&quot;:&quot;bt_bb_bottom_spacing_large&quot;,&quot;def&quot;:&quot;large&quot;}}\"><div class=\"bt_bb_background_image_holder_wrapper\"><div class=\"bt_bb_background_image_holder btLazyLoadBackground bt_bb_parallax\"  data-background_image_src=\"https:\/\/www.gecovisual.com\/wp-content\/uploads\/2024\/02\/Inspection_1.jpg\" data-parallax=\"0.6\" data-parallax-offset=\"0\" data-parallax-zoom-start=\"1\" data-parallax-zoom-end=\"1\" data-parallax-blur-start=\"0\" data-parallax-blur-end=\"0\" data-parallax-opacity-start=\"1\" data-parallax-opacity-end=\"1\" style=\" background-image: url(&#039;https:\/\/www.gecovisual.com\/wp-content\/plugins\/bold-page-builder\/img\/blank.gif&#039;);\"><\/div><\/div><div class=\"bt_bb_port\"><div class=\"bt_bb_cell\"><div class=\"bt_bb_cell_inner\"><div class=\"bt_bb_row \"  data-bt-override-class=\"{}\"><div class=\"bt_bb_row_holder\" ><div  class=\"bt_bb_column col-xl-12 col-xs-12 col-sm-12 col-md-12 col-lg-12 bt_bb_align_left bt_bb_vertical_align_bottom bt_bb_padding_normal\"  data-width=\"12\" data-bt-override-class=\"{}\"><div class=\"bt_bb_column_content\"><div data-bb-version=\"4.8.0\" class=\"bt_bb_separator bt_bb_border_style_none bt_bb_top_spacing_small bt_bb_bottom_spacing_small\" data-bt-override-class=\"{&quot;bt_bb_top_spacing_&quot;:{&quot;current_class&quot;:&quot;bt_bb_top_spacing_small&quot;,&quot;def&quot;:&quot;small&quot;},&quot;bt_bb_bottom_spacing_&quot;:{&quot;current_class&quot;:&quot;bt_bb_bottom_spacing_small&quot;,&quot;def&quot;:&quot;small&quot;}}\"><\/div><header data-bb-version=\"4.8.8\" class=\"bt_bb_headline bt_bb_subheadline_text_transform_default bt_bb_dash_none bt_bb_size_extralarge bt_bb_align_inherit\" data-bt-override-class=\"{&quot;bt_bb_size_&quot;:{&quot;current_class&quot;:&quot;bt_bb_size_extralarge&quot;,&quot;def&quot;:&quot;extralarge&quot;},&quot;bt_bb_align_&quot;:{&quot;current_class&quot;:&quot;bt_bb_align_inherit&quot;,&quot;def&quot;:&quot;inherit&quot;}}\"><h1 class=\"bt_bb_headline_tag\"><span class=\"bt_bb_headline_content\"><span>Ispezione con droni<\/span><\/span><\/h1><\/header><div data-bb-version=\"4.8.0\" class=\"bt_bb_separator bt_bb_border_style_none bt_bb_top_spacing_small bt_bb_bottom_spacing_small\" data-bt-override-class=\"{&quot;bt_bb_top_spacing_&quot;:{&quot;current_class&quot;:&quot;bt_bb_top_spacing_small&quot;,&quot;def&quot;:&quot;small&quot;},&quot;bt_bb_bottom_spacing_&quot;:{&quot;current_class&quot;:&quot;bt_bb_bottom_spacing_small&quot;,&quot;def&quot;:&quot;small&quot;}}\"><\/div><div data-bb-version=\"4.8.8\" class=\"bt_bb_button bt_bb_color_scheme_14 bt_bb_icon_position_left bt_bb_style_outline bt_bb_size_large bt_bb_width_inline bt_bb_shape_square bt_bb_target_blank bt_bb_text_transform_inherit bt_bb_align_center bt_bb_animation_zoom_in animate\" style=\"; --primary-color:#fff; --secondary-color:#000;\" data-bt-override-class=\"{&quot;bt_bb_size_&quot;:{&quot;current_class&quot;:&quot;bt_bb_size_large&quot;,&quot;def&quot;:&quot;large&quot;},&quot;bt_bb_align_&quot;:{&quot;current_class&quot;:&quot;bt_bb_align_center&quot;,&quot;def&quot;:&quot;center&quot;}}\"><a href=\"https:\/\/www.gecovisual.com\/index.php\/it\/contact-italiano\/\" target=\"_blank\" class=\"bt_bb_link\" title=\"Preventivo gratuito\"><span class=\"bt_bb_button_text\" >Preventivo gratuito<\/span><\/a><\/div><\/div><\/div><\/div><\/div><\/div><!-- cell_inner --><\/div><!-- cell --><\/div><!-- port --><\/section><section data-bb-version=\"4.8.0\" id=\"bt_bb_section69df3a71a07e4\" class=\"bt_bb_section bt_bb_layout_boxed_1200\"  data-bt-override-class=\"null\"><div class=\"bt_bb_port\"><div class=\"bt_bb_cell\"><div class=\"bt_bb_cell_inner\"><div class=\"bt_bb_row  bt_bb_column_gap_0\" style=\"; --column-gap:0px;\" data-bt-override-class=\"{}\"><div class=\"bt_bb_row_holder\" ><div  class=\"bt_bb_column col-xl-12 col-xs-12 col-sm-12 col-md-12 col-lg-12 bt_bb_align_left bt_bb_vertical_align_top bt_bb_padding_normal\"  data-width=\"12\" data-bt-override-class=\"{}\"><div class=\"bt_bb_column_content\"><div class=\"bt_bb_separator bt_bb_border_style_none bt_bb_bottom_spacing_normal\" data-bt-override-class=\"null\"><\/div><div data-bb-version=\"4.8.0\"  class=\"bt_bb_text\" ><\/p>\n<p>L&#8217;ispezione con drone consente di effettuare ispezioni visive o tecniche di strutture, impianti o aree di difficile accesso. Questo approccio offre numerosi vantaggi rispetto ai metodi di ispezione tradizionali, tra cui velocit\u00e0, sicurezza e raccolta dati da prospettive aeree.<\/p>\n<p>Ecco alcune aree in cui viene comunemente utilizzata l\u2019ispezione con droni:<\/p>\n<ol>\n<li><strong>Ispezione delle infrastrutture<\/strong>: i droni vengono utilizzati per ispezionare ponti, dighe, strade, ferrovie e altre strutture civili per difetti, crepe, deformazioni o altri problemi.<\/li>\n<li><strong>Ispezione degli edifici<\/strong>: i droni possono essere utilizzati per ispezionare le condizioni di tetti, facciate, camini, campanili e altre parti degli edifici difficili da raggiungere.<\/li>\n<li><strong>Ispezione industriale<\/strong>: negli impianti industriali, i droni possono essere utilizzati per ispezionare attrezzature, ciminiere, serbatoi, torri di raffreddamento e altre strutture per identificare problemi di manutenzione.<\/li>\n<li><strong>Ispezione di linee elettriche e infrastrutture energetiche<\/strong>: i droni possono essere utilizzati per ispezionare tralicci, linee elettriche, turbine eoliche e pannelli solari, consentendo di rilevare potenziali problemi senza richiedere interruzioni della produzione.<\/li>\n<li><strong>Monitoraggio ambientale<\/strong>: i droni possono essere utilizzati per monitorare aree ambientali, come foreste, zone umide o aree colpite da disastri naturali.<\/li>\n<\/ol>\n<p>L\u2019uso dei droni per le ispezioni presenta numerosi vantaggi, come la riduzione dei rischi per i lavoratori, l\u2019abbassamento dei costi operativi, la raccolta di dati in tempo reale e la possibilit\u00e0 di accedere ad aree difficili o pericolose. Tuttavia, ci\u00f2 richiede anche una pianificazione adeguata, capacit\u00e0 di pilotaggio di droni e l\u2019uso di tecnologie di imaging adattate alle esigenze specifiche dell\u2019ispezione.<\/p>\n<p>\n<\/div><div class=\"bt_bb_separator bt_bb_border_style_none bt_bb_bottom_spacing_normal\" data-bt-override-class=\"null\"><\/div><div class=\"bt_bb_separator bt_bb_border_style_none bt_bb_bottom_spacing_normal\" data-bt-override-class=\"null\"><\/div><\/div><\/div><\/div><\/div><\/div><!-- cell_inner --><\/div><!-- cell --><\/div><!-- port --><\/section><\/p>\n","protected":false},"excerpt":{"rendered":"","protected":false},"author":1,"featured_media":0,"parent":0,"menu_order":0,"comment_status":"closed","ping_status":"closed","template":"","meta":{"_monsterinsights_skip_tracking":false,"_monsterinsights_sitenote_active":false,"_monsterinsights_sitenote_note":"","_monsterinsights_sitenote_category":0,"footnotes":""},"class_list":["post-5155","page","type-page","status-publish","hentry"],"aioseo_notices":[],"featured_media_urls":[],"_links":{"self":[{"href":"https:\/\/www.gecovisual.com\/index.php\/wp-json\/wp\/v2\/pages\/5155","targetHints":{"allow":["GET"]}}],"collection":[{"href":"https:\/\/www.gecovisual.com\/index.php\/wp-json\/wp\/v2\/pages"}],"about":[{"href":"https:\/\/www.gecovisual.com\/index.php\/wp-json\/wp\/v2\/types\/page"}],"author":[{"embeddable":true,"href":"https:\/\/www.gecovisual.com\/index.php\/wp-json\/wp\/v2\/users\/1"}],"replies":[{"embeddable":true,"href":"https:\/\/www.gecovisual.com\/index.php\/wp-json\/wp\/v2\/comments?post=5155"}],"version-history":[{"count":2,"href":"https:\/\/www.gecovisual.com\/index.php\/wp-json\/wp\/v2\/pages\/5155\/revisions"}],"predecessor-version":[{"id":5393,"href":"https:\/\/www.gecovisual.com\/index.php\/wp-json\/wp\/v2\/pages\/5155\/revisions\/5393"}],"wp:attachment":[{"href":"https:\/\/www.gecovisual.com\/index.php\/wp-json\/wp\/v2\/media?parent=5155"}],"curies":[{"name":"wp","href":"https:\/\/api.w.org\/{rel}","templated":true}]}}